{"id":104,"date":"2025-01-17T18:55:58","date_gmt":"2025-01-17T18:55:58","guid":{"rendered":"http:\/\/kgv-frohestunde.de\/?page_id=104"},"modified":"2025-01-17T18:55:58","modified_gmt":"2025-01-17T18:55:58","slug":"ratgeber","status":"publish","type":"page","link":"https:\/\/kgv-frohestunde.de\/?page_id=104","title":{"rendered":"Ratgeber"},"content":{"rendered":"<p><strong>Bodenuntersuchung f\u00fcr Kleing\u00e4rtner<\/strong><\/p>\n<p>Eine Bodenuntersuchung kann Ihnen helfen die richten Entscheidungen beim D\u00fcngen zu treffen.<\/p>\n<p>Weiterf\u00fchrende Informationen f\u00fcr Kleing\u00e4rtner finden Sie auf der Website des <em><span style=\"color: #ff0000;\"><a style=\"color: #ff0000;\" href=\"https:\/\/www.lkvsachsen.de\/labor\/boden\/\">LKS-Landwirtschaftliche Kommunikations- und Servicegesellschaft mbH<\/a><\/span><\/em>.<\/p>\n<p>Direktlink zum Flyer des LKS f\u00fcr die <em><span style=\"color: #ff0000;\"><a style=\"color: #ff0000;\" href=\"https:\/\/www.lkvsachsen.de\/fileadmin\/wireframe\/redaktion\/Labor\/Boden\/20090100_LKS_Flyer_Bodenuntersuchung_fuer_Kleingaertner_Web_01.pdf\">Bodenuntersuchung f\u00fcr Kleing\u00e4rtner<\/a><\/span><\/em> und der Direktlink zum <a href=\"https:\/\/www.lkvsachsen.de\/fileadmin\/wireframe\/redaktion\/Labor\/Boden\/20200821_PBGS_Kleingarten.pdf\"><em><span style=\"color: #ff0000;\"><strong>Formular<\/strong><\/span><\/em><\/a>&nbsp;des LKS.<\/p>\n<p style=\"text-align: center;\">______________________________________________________________________<\/p>\n<div><strong>D\u00fcngen leicht gemacht&nbsp;<\/strong><\/div>\n<div><\/div>\n<div>Das richtige D\u00fcngen ist nicht so einfach. Leicht kann man den Boden<\/div>\n<div>\u00fcberd\u00fcngen oder man wei\u00df nicht, wann der richtige Zeitpunkt ist.<\/div>\n<div>Wir haben in unserer Freizeit einen kostenlosen D\u00fcngerechner<\/div>\n<div>entwickelt, womit der Freizeitg\u00e4rtner sich einfach ausrechnen kann,<\/div>\n<div>welche N\u00e4hrstoffe wann ben\u00f6tigt werden. Es ist unser Beitrag f\u00fcr<\/div>\n<div>mehr Nachhaltigkeit im Garten. Unter <em><strong><a href=\"http:\/\/www.plantori.de\">&nbsp;www.plantori.de<\/a><\/strong><\/em>&nbsp; ist er aufrufbar (<em><strong><a href=\"http:\/\/www.plantori.de\/duengerechner\">Men\u00fc: &#8222;D\u00fcngerechner<\/a>&#8222;<\/strong><\/em>). Gerne k\u00f6nnen Sie auf Ihrer<\/div>\n<div>Vereinsseite darauf verlinken, damit wir m\u00f6glichst vielen<\/div>\n<div>Gartennutzern helfen k\u00f6nnen. Wenn Sie m\u00f6chten, gebe ich Ihnen<\/div>\n<div>auch gerne noch mehr Informationen dazu. In unserem Blog haben<\/div>\n<div>wir beispielsweise die Ergebnisse einer eigenen Umfrage<\/div>\n<div>ver\u00f6ffentlich, wie der Klein- und Freizeitg\u00e4rtner d\u00fcngt und welche<\/div>\n<div>Hilfe er noch ben\u00f6tigt.<\/div>\n<div>Ich w\u00fcnsch Ihnen gutes Wachsen und demn\u00e4chst mal etwas Regen!<\/div>\n<div><\/div>\n<div>Mit g\u00e4rtnerischen Gr\u00fc\u00dfen,<\/div>\n<div>Martin Schneider<\/div>\n","protected":false},"excerpt":{"rendered":"<p>Bodenuntersuchung f\u00fcr Kleing\u00e4rtner Eine Bodenuntersuchung kann Ihnen helfen die richten Entscheidungen beim D\u00fcngen zu treffen. Weiterf\u00fchrende Informationen f\u00fcr Kleing\u00e4rtner finden Sie auf der Website des LKS-Landwirtschaftliche Kommunikations- und Servicegesellschaft mbH. Direktlink zum Flyer des LKS f\u00fcr die Bodenuntersuchung f\u00fcr Kleing\u00e4rtner und der Direktlink zum Formular&nbsp;des LKS. ______________________________________________________________________ D\u00fcngen leicht gemacht&nbsp; Das richtige D\u00fcngen ist nicht &hellip; <a href=\"https:\/\/kgv-frohestunde.de\/?page_id=104\" class=\"more-link\"><span class=\"screen-reader-text\">Ratgeber<\/span> weiterlesen<\/a><\/p>\n","protected":false},"author":1,"featured_media":0,"parent":0,"menu_order":0,"comment_status":"closed","ping_status":"closed","template":"","meta":{"footnotes":""},"class_list":["post-104","page","type-page","status-publish","hentry"],"_links":{"self":[{"href":"https:\/\/kgv-frohestunde.de\/index.php?rest_route=\/wp\/v2\/pages\/104","targetHints":{"allow":["GET"]}}],"collection":[{"href":"https:\/\/kgv-frohestunde.de\/index.php?rest_route=\/wp\/v2\/pages"}],"about":[{"href":"https:\/\/kgv-frohestunde.de\/index.php?rest_route=\/wp\/v2\/types\/page"}],"author":[{"embeddable":true,"href":"https:\/\/kgv-frohestunde.de\/index.php?rest_route=\/wp\/v2\/users\/1"}],"replies":[{"embeddable":true,"href":"https:\/\/kgv-frohestunde.de\/index.php?rest_route=%2Fwp%2Fv2%2Fcomments&post=104"}],"version-history":[{"count":15,"href":"https:\/\/kgv-frohestunde.de\/index.php?rest_route=\/wp\/v2\/pages\/104\/revisions"}],"predecessor-version":[{"id":40316,"href":"https:\/\/kgv-frohestunde.de\/index.php?rest_route=\/wp\/v2\/pages\/104\/revisions\/40316"}],"wp:attachment":[{"href":"https:\/\/kgv-frohestunde.de\/index.php?rest_route=%2Fwp%2Fv2%2Fmedia&parent=104"}],"curies":[{"name":"wp","href":"https:\/\/api.w.org\/{rel}","templated":true}]}}