{"id":26,"date":"2025-01-17T18:55:15","date_gmt":"2025-01-17T18:55:15","guid":{"rendered":"http:\/\/kgv-frohestunde.de\/?page_id=26"},"modified":"2025-01-17T18:55:15","modified_gmt":"2025-01-17T18:55:15","slug":"geschichte-des-vereins","status":"publish","type":"page","link":"https:\/\/kgv-frohestunde.de\/?page_id=26","title":{"rendered":"Geschichte des Vereins"},"content":{"rendered":"<p>Das Gel\u00e4nde der heutigen Sparte wurde schon ab 1911 f\u00fcr Jung und Alt zum Spielen hergerichtet. In den Jahren des 1. Weltkrieges wurde das Gel\u00e4nde zur Versorgung der Bearbeiter genutzt. Nach dem Weltkrieg kamen die Landbesitzer zur\u00fcck und stellten unermessliche Forderungen an die Bodennutzer und man erkannte, dass man sich zusammenschlie\u00dfen muss.<\/p>\n<p>Im Fr\u00fchjahr 1920 trafen sich alle Anlieger des Gel\u00e4ndes und organisierten sich in einem Verein, die Gr\u00fcndungsveranstaltung fand am 16.05.1920 im &#8222;Rabenauer Hof&#8220; statt. Der Name &#8222;Frohe Stunde&#8220; wurde aus verschiedenen Vorschl\u00e4gen, wie &#8222;Morgentau&#8220;, &#8222;Nordwest&#8220;, &#8222;Erdengl\u00fcck&#8220; und &#8222;Veronika&#8220; durch die Mitglieder herausgesucht. 1921 erfolgte die gerichtliche Eintragung und die erste Satzung wurde beschlossen. W\u00e4hrend der Inflationszeit 1923 wurden die Monatsbeitr\u00e4ge auf 2 Millionen Mark festgelegt.<\/p>\n<p>Im Mai 1925 hat man den Bau des Vereinshauses beschlossen und schon im August gab es die Gewerbeerlaubnis zum Verkauf von Flaschenbier und Ess- und Zuckerwaren, die Einrichtung des Vereinshauses wurde zum gr\u00f6\u00dften Teil von den Mitgliedern durch Schenkung gestiftet. Auch der 2. Weltkrieg ging an der Sparte nicht spurlos vorbei. Durch Bomben wurden Lauben zerst\u00f6rt. Das Vereinshaus konnte nach einem Brandbombenanschlag durch das mutige Eingreifen von Gartenfreunden erhalten werden.<\/p>\n<p>Das Vereinsheim wurde mit H\u00f6hen und Tiefen bis 1986 bewirtschaftet und war Mittelpunkt des kulturellen Vereinslebens. 1981 wurden in der Kleingartenanlage Filmaufnahmen zur Fernsehserie &#8220; Geschichten \u00fcbern Gartenzaun&#8220; gemacht und daf\u00fcr auch die Terrasse neu gestaltet.<\/p>\n<p>In den Wendezeiten nahmen die Mitglieder ihre zu DDR- Zeiten &#8222;staatlich geregelte&#8220; Gartensparte in eigene H\u00e4nde und sie wurde wieder zum Kleingartenverein &#8220; Frohe Stunde&#8220; e.V.. Im Jahr 1995 wurde die Gastst\u00e4tte wiederer\u00f6ffnet und wird bis heute bewirtschaftet, auch wird sie f\u00fcr kulturelle Veranstaltungen durch den Gastwirt und die Gartensparte genutzt.<\/p>\n","protected":false},"excerpt":{"rendered":"<p>Das Gel\u00e4nde der heutigen Sparte wurde schon ab 1911 f\u00fcr Jung und Alt zum Spielen hergerichtet. In den Jahren des 1. Weltkrieges wurde das Gel\u00e4nde zur Versorgung der Bearbeiter genutzt. Nach dem Weltkrieg kamen die Landbesitzer zur\u00fcck und stellten unermessliche Forderungen an die Bodennutzer und man erkannte, dass man sich zusammenschlie\u00dfen muss. Im Fr\u00fchjahr 1920 &hellip; <a href=\"https:\/\/kgv-frohestunde.de\/?page_id=26\" class=\"more-link\"><span class=\"screen-reader-text\">Geschichte des Vereins<\/span> weiterlesen<\/a><\/p>\n","protected":false},"author":1,"featured_media":0,"parent":0,"menu_order":0,"comment_status":"closed","ping_status":"closed","template":"","meta":{"footnotes":""},"class_list":["post-26","page","type-page","status-publish","hentry"],"_links":{"self":[{"href":"https:\/\/kgv-frohestunde.de\/index.php?rest_route=\/wp\/v2\/pages\/26","targetHints":{"allow":["GET"]}}],"collection":[{"href":"https:\/\/kgv-frohestunde.de\/index.php?rest_route=\/wp\/v2\/pages"}],"about":[{"href":"https:\/\/kgv-frohestunde.de\/index.php?rest_route=\/wp\/v2\/types\/page"}],"author":[{"embeddable":true,"href":"https:\/\/kgv-frohestunde.de\/index.php?rest_route=\/wp\/v2\/users\/1"}],"replies":[{"embeddable":true,"href":"https:\/\/kgv-frohestunde.de\/index.php?rest_route=%2Fwp%2Fv2%2Fcomments&post=26"}],"version-history":[{"count":4,"href":"https:\/\/kgv-frohestunde.de\/index.php?rest_route=\/wp\/v2\/pages\/26\/revisions"}],"predecessor-version":[{"id":3354,"href":"https:\/\/kgv-frohestunde.de\/index.php?rest_route=\/wp\/v2\/pages\/26\/revisions\/3354"}],"wp:attachment":[{"href":"https:\/\/kgv-frohestunde.de\/index.php?rest_route=%2Fwp%2Fv2%2Fmedia&parent=26"}],"curies":[{"name":"wp","href":"https:\/\/api.w.org\/{rel}","templated":true}]}}