{"id":43349,"date":"2026-01-10T13:05:00","date_gmt":"2026-01-10T13:05:00","guid":{"rendered":"http:\/\/kgv-frohestunde.de\/?page_id=43349"},"modified":"2026-01-11T12:32:44","modified_gmt":"2026-01-11T12:32:44","slug":"wichtige-informationen-2","status":"publish","type":"page","link":"https:\/\/kgv-frohestunde.de\/?page_id=43349","title":{"rendered":"Wichtige Informationen"},"content":{"rendered":"\n<h3 class=\"wp-block-heading\">Liebe Gartenmitglieder,<\/h3>\n\n\n\n<p>f\u00fcr die Gartentoiletten besteht an<\/p>\n\n\n\n<p><strong><mark style=\"background-color:#8ed1fc\" class=\"has-inline-color has-vivid-red-color\">Sonn- und Feiertagen ein Entleerungsverbot!<\/mark><\/strong><\/p>\n\n\n\n<p>Die Entleerung der Toiletten kann erfolgen:<\/p>\n\n\n\n<p><strong><mark style=\"background-color:#8ed1fc\" class=\"has-inline-color has-vivid-red-color\">Montag bis Freitag ganzt\u00e4gig bei <u>geschlossener T\u00fcr.<\/u><\/mark><\/strong><\/p>\n\n\n\n<p><strong><mark style=\"background-color:#8ed1fc\" class=\"has-inline-color has-vivid-red-color\">Samstag bis 17.00 Uhr bei <u>geschlossener T\u00fcr.<\/u><\/mark><\/strong><\/p>\n\n\n\n<p>Der WC- Raum wird danach im <strong><mark style=\"background-color:#8ed1fc\" class=\"has-inline-color has-vivid-red-color\">gereinigten Zustand<\/mark><\/strong> verlassen!<\/p>\n\n\n\n<p>Der Vorstand<\/p>\n\n\n\n<p><\/p>\n\n\n\n<p><\/p>\n\n\n\n<p><\/p>\n\n\n\n<p><\/p>\n\n\n\n<ul class=\"wp-block-list\">\n<li><a href=\"https:\/\/kgv-frohestunde.de\/wp-content\/uploads\/2021\/04\/antrag-21.pdf\">Aufnahmeantrag<\/a><\/li>\n\n\n\n<li><a href=\"https:\/\/kgv-frohestunde.de\/wp-content\/uploads\/2025\/09\/152-unterpachtvertrag.pdf\">Unterpachtvertrag<\/a><\/li>\n\n\n\n<li><a href=\"https:\/\/kgv-frohestunde.de\/wp-content\/uploads\/2023\/02\/Satzung-23.pdf\">Satzung<\/a><\/li>\n\n\n\n<li><a href=\"https:\/\/kgv-frohestunde.de\/wp-content\/uploads\/2022\/09\/Gartenordnung-2022.pdf\">Kleingartenordnung<\/a><\/li>\n\n\n\n<li><a href=\"https:\/\/kgv-frohestunde.de\/wp-content\/uploads\/2026\/01\/155-bauordnung.pdf\">Bauordnung<\/a><\/li>\n\n\n\n<li><a href=\"https:\/\/kgv-frohestunde.de\/wp-content\/uploads\/2024\/11\/Gebuehrenordnung-November.pdf\">Beitrags- und Geb\u00fchrenordnung<\/a><\/li>\n\n\n\n<li><a href=\"https:\/\/kgv-frohestunde.de\/wp-content\/uploads\/2022\/05\/RKO-2019_01.pdf\">Rahmenkleingartenordnung<\/a><\/li>\n\n\n\n<li><a href=\"https:\/\/kgv-frohestunde.de\/wp-content\/uploads\/2022\/05\/RKO-Anlage-1.pdf\">Rahmenkleingartenordnung Anlage 1 &#8211; Pflanzenschutz<\/a><\/li>\n\n\n\n<li><a href=\"https:\/\/kgv-frohestunde.de\/wp-content\/uploads\/2022\/05\/RKO-Anlage-2.pdf\">Rahmenkleingartenordnung Anlage 2 &#8211; Verbotene Pflanzen<\/a><\/li>\n\n\n\n<li><a href=\"https:\/\/kgv-frohestunde.de\/wp-content\/uploads\/2022\/05\/RKO-Anlage-3.pdf\">Rahmenkleingartenordnung Anlage 3 &#8211; Pflanz-\/Grenzabst\u00e4nde<\/a><\/li>\n\n\n\n<li><a href=\"https:\/\/kgv-frohestunde.de\/wp-content\/uploads\/2022\/05\/RKO-Anlage-4.pdf\">Rahmenkleingartenordnung Anlage 4 &#8211; Formschnitthecken<\/a><\/li>\n<\/ul>\n","protected":false},"excerpt":{"rendered":"<p>Liebe Gartenmitglieder, f\u00fcr die Gartentoiletten besteht an Sonn- und Feiertagen ein Entleerungsverbot! Die Entleerung der Toiletten kann erfolgen: Montag bis Freitag ganzt\u00e4gig bei geschlossener T\u00fcr. Samstag bis 17.00 Uhr bei geschlossener T\u00fcr. Der WC- Raum wird danach im gereinigten Zustand verlassen! Der Vorstand<\/p>\n","protected":false},"author":1,"featured_media":0,"parent":0,"menu_order":0,"comment_status":"closed","ping_status":"closed","template":"","meta":{"footnotes":""},"class_list":["post-43349","page","type-page","status-publish","hentry"],"_links":{"self":[{"href":"https:\/\/kgv-frohestunde.de\/index.php?rest_route=\/wp\/v2\/pages\/43349","targetHints":{"allow":["GET"]}}],"collection":[{"href":"https:\/\/kgv-frohestunde.de\/index.php?rest_route=\/wp\/v2\/pages"}],"about":[{"href":"https:\/\/kgv-frohestunde.de\/index.php?rest_route=\/wp\/v2\/types\/page"}],"author":[{"embeddable":true,"href":"https:\/\/kgv-frohestunde.de\/index.php?rest_route=\/wp\/v2\/users\/1"}],"replies":[{"embeddable":true,"href":"https:\/\/kgv-frohestunde.de\/index.php?rest_route=%2Fwp%2Fv2%2Fcomments&post=43349"}],"version-history":[{"count":31,"href":"https:\/\/kgv-frohestunde.de\/index.php?rest_route=\/wp\/v2\/pages\/43349\/revisions"}],"predecessor-version":[{"id":48354,"href":"https:\/\/kgv-frohestunde.de\/index.php?rest_route=\/wp\/v2\/pages\/43349\/revisions\/48354"}],"wp:attachment":[{"href":"https:\/\/kgv-frohestunde.de\/index.php?rest_route=%2Fwp%2Fv2%2Fmedia&parent=43349"}],"curies":[{"name":"wp","href":"https:\/\/api.w.org\/{rel}","templated":true}]}}